{"id":54,"date":"2012-03-16T17:54:47","date_gmt":"2012-03-16T16:54:47","guid":{"rendered":"http:\/\/biblio.inthev.fr\/blog\/?page_id=54"},"modified":"2014-08-06T17:25:15","modified_gmt":"2014-08-06T16:25:15","slug":"ibn-flte-ite","status":"publish","type":"page","link":"https:\/\/blog.inthev.fr\/?page_id=54","title":{"rendered":"A propos&#8230;"},"content":{"rendered":"<h3><a href=\"http:\/\/biblio.inthev.fr\/blog\/wp-content\/uploads\/2012\/03\/logo.png\"><img loading=\"lazy\" decoding=\"async\" class=\"alignleft size-full wp-image-75\" title=\"logo\" src=\"http:\/\/biblio.inthev.fr\/blog\/wp-content\/uploads\/2012\/03\/logo.png\" alt=\"\" width=\"75\" height=\"65\" \/><\/a><\/h3>\n<h3>\u00a0\u00a0\u00a0\u00a0\u00a0\u00a0\u00a0\u00a0 Bienvenue sur le blog des biblioth\u00e8ques de l&rsquo;Institut de Th\u00e9ologie Evang\u00e9lique (ITE) !<\/h3>\n<p>&nbsp;<\/p>\n<p style=\"text-align: justify;\">L&rsquo;ITE r\u00e9unit deux institutions de formation \u00e9vang\u00e9lique : l&rsquo;Institut biblique de Nogent (IBN) et la Facult\u00e9 libre de th\u00e9ologie \u00e9vang\u00e9lique (FLTE).<\/p>\n<p style=\"text-align: justify;\">Leurs biblioth\u00e8ques travaillent de concert. Elles utilisent le m\u00eame logiciel, ISIS, enrichissent leurs bases de donn\u00e9es \u00e0 l&rsquo;aide des m\u00eames outils d&rsquo;indexation et classification, un th\u00e9saurus et un manuel de catalogage \u00e9labor\u00e9s selon des principes de l&rsquo;UNESCO et la CDU. Leurs\u00a0<span style=\"color: #993300;\"><a href=\"http:\/\/catalogue.doc-ite.fr\/\" target=\"_blank\"><span style=\"color: #993300;\"> catalogues informatis\u00e9s <\/span><\/a><\/span>sont accessibles en ligne depuis un portail commun. On peut signaler ici la contribution remarquable des biblioth\u00e9caires pr\u00e9c\u00e9dents, David Gysel et Asuncion Calvo.<\/p>\n<p style=\"text-align: justify;\">Les collections de la FLTE et de l&rsquo;IBN se ressemblent pour partie, se compl\u00e8tent pour partie. Situ\u00e9es \u00e0 deux extr\u00e9mit\u00e9s oppos\u00e9es de la r\u00e9gion parisienne, elles ont vocation avant tout \u00e0 servir les \u00e9tudiants de leurs \u00e9tablissements. Elles constituent n\u00e9anmoins des ressources pr\u00e9cieuses pour les responsables d&rsquo;\u00e9glises de la r\u00e9gion et bien au-del\u00e0.<\/p>\n<h1 style=\"text-align: justify;\"><\/h1>\n<p>&nbsp;<\/p>\n<h2 style=\"text-align: left;\"><span style=\"color: #808080;\">CE BLOG a \u00e9t\u00e9 pens\u00e9&#8230;<br \/>\n<\/span><\/h2>\n<p style=\"text-align: left;\"><span style=\"color: #808080;\">comme un espace pour signaler :<br \/>\n<\/span><\/p>\n<ul style=\"text-align: left;\">\n<li><span style=\"color: #808080;\">des ressources documentaires sur Internet utiles aux \u00e9tudes th\u00e9ologiques <\/span><\/li>\n<li><span style=\"color: #808080;\">d&rsquo;autres centres de ressources<\/span> (biblioth\u00e8ques&#8230;) <span style=\"color: #808080;\">sp\u00e9cialis\u00e9s <\/span><\/li>\n<\/ul>\n<p style=\"text-align: left;\"><span style=\"color: #808080;\">comme un espace pour informer :<\/span><\/p>\n<ul>\n<li style=\"text-align: left;\"><span style=\"color: #808080;\">de fonds sp\u00e9cifiques de nos biblioth\u00e8ques<\/span><\/li>\n<li style=\"text-align: left;\"><span style=\"color: #808080;\">de l&rsquo;actualit\u00e9 de nos biblioth\u00e8ques<\/span><\/li>\n<\/ul>\n<p>&nbsp;<\/p>\n","protected":false},"excerpt":{"rendered":"<p>\u00a0\u00a0\u00a0\u00a0\u00a0\u00a0\u00a0\u00a0 Bienvenue sur le blog des biblioth\u00e8ques de l&rsquo;Institut de Th\u00e9ologie Evang\u00e9lique (ITE) ! &nbsp; L&rsquo;ITE r\u00e9unit deux institutions de formation \u00e9vang\u00e9lique : l&rsquo;Institut biblique de Nogent (IBN) et la Facult\u00e9 libre de th\u00e9ologie \u00e9vang\u00e9lique (FLTE). Leurs biblioth\u00e8ques travaillent de &hellip;<\/p>\n<p class=\"read-more\"><a href=\"https:\/\/blog.inthev.fr\/?page_id=54\">Continue reading<\/a><\/p>\n","protected":false},"author":2,"featured_media":0,"parent":0,"menu_order":1,"comment_status":"closed","ping_status":"open","template":"","meta":{"footnotes":""},"class_list":["post-54","page","type-page","status-publish","hentry"],"_links":{"self":[{"href":"https:\/\/blog.inthev.fr\/index.php?rest_route=\/wp\/v2\/pages\/54","targetHints":{"allow":["GET"]}}],"collection":[{"href":"https:\/\/blog.inthev.fr\/index.php?rest_route=\/wp\/v2\/pages"}],"about":[{"href":"https:\/\/blog.inthev.fr\/index.php?rest_route=\/wp\/v2\/types\/page"}],"author":[{"embeddable":true,"href":"https:\/\/blog.inthev.fr\/index.php?rest_route=\/wp\/v2\/users\/2"}],"replies":[{"embeddable":true,"href":"https:\/\/blog.inthev.fr\/index.php?rest_route=%2Fwp%2Fv2%2Fcomments&post=54"}],"version-history":[{"count":15,"href":"https:\/\/blog.inthev.fr\/index.php?rest_route=\/wp\/v2\/pages\/54\/revisions"}],"predecessor-version":[{"id":80,"href":"https:\/\/blog.inthev.fr\/index.php?rest_route=\/wp\/v2\/pages\/54\/revisions\/80"}],"wp:attachment":[{"href":"https:\/\/blog.inthev.fr\/index.php?rest_route=%2Fwp%2Fv2%2Fmedia&parent=54"}],"curies":[{"name":"wp","href":"https:\/\/api.w.org\/{rel}","templated":true}]}}