{"id":212,"date":"2012-09-12T11:03:36","date_gmt":"2012-09-12T10:03:36","guid":{"rendered":"http:\/\/biblio.inthev.fr\/blog\/?page_id=212"},"modified":"2021-10-07T09:27:41","modified_gmt":"2021-10-07T08:27:41","slug":"ressources-documentaires-sur-internet-et-dans-dautres-bibliotheques","status":"publish","type":"page","link":"https:\/\/blog.inthev.fr\/?page_id=212","title":{"rendered":"Ressources sur Internet et dans d&rsquo;autres biblioth\u00e8ques"},"content":{"rendered":"<h2>Ressources documentaires sur Internet \u00a0<a href=\"http:\/\/biblio.inthev.fr\/blog\/wp-content\/uploads\/2012\/09\/fl\u00e8che-souris.png\"><img loading=\"lazy\" decoding=\"async\" class=\"alignright size-full wp-image-751\" title=\"fl\u00e8che souris\" src=\"http:\/\/biblio.inthev.fr\/blog\/wp-content\/uploads\/2012\/09\/fl\u00e8che-souris.png\" alt=\"\" width=\"95\" height=\"71\" \/><\/a><\/h2>\n<ul>\n<li>\n<h4><span style=\"color: #000000;\"><a href=\"https:\/\/blog.inthev.fr\/?cat=18\"><span style=\"color: #000000;\">Bibliographies ; recensions<\/span><\/a><\/span><\/h4>\n<\/li>\n<li>\n<h4><span style=\"color: #000000;\"><span style=\"color: #000000;\"><span style=\"color: #713b27;\"><strong><a href=\"https:\/\/blog.inthev.fr\/?cat=28\"><span style=\"color: #713b27;\">M\u00e9thodologie<\/span><\/a><\/strong><a href=\"http:\/\/biblio.inthev.fr\/blog\/?cat=28\"><span style=\"color: #713b27;\"> : aide aux recherches, \u00e0 la r\u00e9daction&#8230;<\/span><\/a><\/span><br \/>\n<\/span><\/span><\/h4>\n<\/li>\n<li>\n<h4><span style=\"color: #800000;\"><a href=\"https:\/\/blog.inthev.fr\/?cat=17\"><span style=\"color: #800000;\">Dictionnaires<\/span><\/a><\/span><\/h4>\n<\/li>\n<li>\n<h4><span style=\"color: #ff6600;\"><a href=\"https:\/\/blog.inthev.fr\/?p=98\"><span style=\"color: #ff6600;\">Blogs<\/span><\/a><\/span><\/h4>\n<\/li>\n<li>\n<h4><span style=\"color: #ffcc00;\"><a href=\"https:\/\/blog.inthev.fr\/?cat=12\"><span style=\"color: #ffcc00;\">Revues<\/span><\/a><\/span><\/h4>\n<\/li>\n<li>\n<h4><span style=\"color: #003300;\">Documents en texte int\u00e9gral :<\/span><\/h4>\n<\/li>\n<\/ul>\n<h6 style=\"padding-left: 60px;\"><span style=\"color: #008000;\"><em>Les incontournables<\/em> :<\/span><\/h6>\n<p style=\"padding-left: 90px;\"><span style=\"color: #008000;\">==&gt; <a href=\"https:\/\/blog.inthev.fr\/?cat=8\"><span style=\"color: #008000;\">Traductions de la Bible<\/span><\/a>\u00a0\u00a0 <\/span><\/p>\n<p style=\"padding-left: 90px;\"><span style=\"color: #008000;\">==&gt; <\/span><span style=\"color: #008000;\"><a href=\"https:\/\/blog.inthev.fr\/?cat=34\"><span style=\"color: #008000;\">Textes des p\u00e8res de l&rsquo;Eglise<\/span><\/a>\u00a0<\/span><\/p>\n<p style=\"padding-left: 90px;\"><span style=\"color: #008000;\">==&gt; <a href=\"https:\/\/blog.inthev.fr\/?p=288\"><span style=\"color: #008000;\">D\u00e9clarations \u00e9vang\u00e9liques<\/span><\/a><\/span><\/p>\n<h6 style=\"padding-left: 60px;\"><span style=\"color: #008000;\"><em>Par discipline<\/em> :<\/span><\/h6>\n<p style=\"padding-left: 90px;\"><span style=\"color: #008000;\">==&gt; Ancien Testament\u00a0 ==&gt;<\/span> <span style=\"color: #008000;\"><a href=\"https:\/\/blog.inthev.fr\/?cat=33\" target=\"_blank\" rel=\"noopener\"><span style=\"color: #008000;\">Nouveau Testament<\/span><\/a><\/span>\u00a0<span style=\"color: #008000;\"> ==&gt; Doctrine\u00a0 <\/span><\/p>\n<p style=\"padding-left: 90px;\"><span style=\"color: #008000;\">==&gt; <\/span><span style=\"color: #008000;\"><a href=\"https:\/\/blog.inthev.fr\/?cat=35\"><span style=\"color: #008000;\">Ethique<\/span><\/a><\/span><span style=\"color: #008000;\">\u00a0 ==&gt; Histoire de l&rsquo;Eglise ==&gt; Th\u00e9ologie pratique\u00a0 <\/span><\/p>\n<p style=\"padding-left: 90px;\"><span style=\"color: #008000;\">==&gt; <a href=\"https:\/\/blog.inthev.fr\/?cat=36\" target=\"_blank\" rel=\"noopener\"><span style=\"color: #008000;\">Apolog\u00e9tique<\/span><\/a>\u00a0 ==&gt; Christianisme et autres religions<\/span><\/p>\n<ul>\n<li>\n<h4><span style=\"color: #008080;\"><a href=\"https:\/\/blog.inthev.fr\/?cat=14\" target=\"_blank\" rel=\"noopener\"><span style=\"color: #008080;\">Multim\u00e9dias<\/span><\/a><\/span><span style=\"color: #008080;\"> (<span style=\"color: #008080;\">documentaires<\/span>, \u00e9missions, conf\u00e9rences, sermons&#8230;)<\/span><\/h4>\n<\/li>\n<\/ul>\n<h2><span style=\"color: #808080;\"><a href=\"https:\/\/blog.inthev.fr\/?cat=3\"><span style=\"color: #808080;\">Biblioth\u00e8ques et catalogues<\/span><\/a><\/span><\/h2>\n<ul>\n<li>\n<h4><span style=\"color: #808080;\">Centres de ressources en France<\/span><\/h4>\n<\/li>\n<li>\n<h4><span style=\"color: #808080;\">Catalogues en ligne : catalogues de biblioth\u00e8ques, catalogues de th\u00e8ses.<\/span><\/h4>\n<\/li>\n<\/ul>\n","protected":false},"excerpt":{"rendered":"<p>Ressources documentaires sur Internet \u00a0 Bibliographies ; recensions M\u00e9thodologie : aide aux recherches, \u00e0 la r\u00e9daction&#8230; Dictionnaires Blogs Revues Documents en texte int\u00e9gral : Les incontournables : ==&gt; Traductions de la Bible\u00a0\u00a0 ==&gt; Textes des p\u00e8res de l&rsquo;Eglise\u00a0 ==&gt; D\u00e9clarations &hellip;<\/p>\n<p class=\"read-more\"><a href=\"https:\/\/blog.inthev.fr\/?page_id=212\">Continue reading<\/a><\/p>\n","protected":false},"author":2,"featured_media":0,"parent":0,"menu_order":4,"comment_status":"closed","ping_status":"open","template":"","meta":{"footnotes":""},"class_list":["post-212","page","type-page","status-publish","hentry"],"_links":{"self":[{"href":"https:\/\/blog.inthev.fr\/index.php?rest_route=\/wp\/v2\/pages\/212","targetHints":{"allow":["GET"]}}],"collection":[{"href":"https:\/\/blog.inthev.fr\/index.php?rest_route=\/wp\/v2\/pages"}],"about":[{"href":"https:\/\/blog.inthev.fr\/index.php?rest_route=\/wp\/v2\/types\/page"}],"author":[{"embeddable":true,"href":"https:\/\/blog.inthev.fr\/index.php?rest_route=\/wp\/v2\/users\/2"}],"replies":[{"embeddable":true,"href":"https:\/\/blog.inthev.fr\/index.php?rest_route=%2Fwp%2Fv2%2Fcomments&post=212"}],"version-history":[{"count":40,"href":"https:\/\/blog.inthev.fr\/index.php?rest_route=\/wp\/v2\/pages\/212\/revisions"}],"predecessor-version":[{"id":1185,"href":"https:\/\/blog.inthev.fr\/index.php?rest_route=\/wp\/v2\/pages\/212\/revisions\/1185"}],"wp:attachment":[{"href":"https:\/\/blog.inthev.fr\/index.php?rest_route=%2Fwp%2Fv2%2Fmedia&parent=212"}],"curies":[{"name":"wp","href":"https:\/\/api.w.org\/{rel}","templated":true}]}}